{"id":3467,"date":"2025-01-25T20:57:22","date_gmt":"2025-01-25T20:57:22","guid":{"rendered":"https:\/\/greifcenter.at\/?page_id=3467"},"modified":"2025-12-14T20:25:57","modified_gmt":"2025-12-14T20:25:57","slug":"gastronomie","status":"publish","type":"page","link":"https:\/\/greifcenter.at\/?page_id=3467","title":{"rendered":"Gastronomie"},"content":{"rendered":"[vc_row et_full_width=&#8220;true&#8220; et_row_padding=&#8220;true&#8220; et_column_align=&#8220;align-center&#8220; parallax=&#8220;content-moving&#8220;][vc_column et_column_color=&#8220;et-light-column&#8220;]\r\n\t\t<div class=\"et-banner-69f41bbc10e22 et-banner content-full  height_50 image-type-css text-color-light hover-effect hover-zoom \"><div class=\"et-banner-image vh-height\" data-image=\"https:\/\/greifcenter.at\/wp-content\/uploads\/2019\/10\/product-image-dark.jpg\" style=\"background-image: url(https:\/\/greifcenter.at\/wp-content\/uploads\/2019\/10\/product-image-dark.jpg);\"><\/div>\r\n\t\t\t<div class=\"et-banner-content\">\r\n\t\t\t\t<div class=\"et-banner-content-inner container\">\r\n\t\t\t\t\t<div class=\"et-banner-text h_center v_center align_center\">\r\n\t\t\t\t\t\t<div class=\"et-banner-text-inner animated\" data-animate=\"et-fadeInUp\"><h2 class=\"et-banner-title color- xlarge\">Gastronomie<\/h2><div class=\"et-banner-subtitle  color- text_style\">K\u00f6stlichkeiten<\/div><div class=\"et-banner-paragraph\">Lassen Sie sich in unserem Center mit kulinarischen K\u00f6stlichkeiten verw\u00f6hnen oder genie\u00dfen Sie nach einem Einkaufstag eine Tasse Kaffee oder ein k\u00f6stliches Eis in entspannter Atmosph\u00e4re.<\/div><\/div>\r\n\t\t\t\t\t<\/div>\r\n\t\t\t\t<\/div>\r\n\t\t\t<\/div>\r\n\t\t<\/div>[\/vc_column][\/vc_row][vc_row][vc_column][vc_empty_space][vc_row_inner][vc_column_inner width=&#8220;1\/4&#8243; animation=&#8220;animation bottom-to-top&#8220;]\t<div id=\"et-image-158\" class=\"et-image     et_image_link\">\n\t\t<div class=\"et-image-inner \">\n\t\t\t\t\t\t\t<div class=\"et-image-thumb \">\n\t\t\t\t\t<img loading=\"lazy\" decoding=\"async\" width=\"1920\" height=\"1281\" src=\"https:\/\/greifcenter.at\/wp-content\/uploads\/2025\/01\/Greif_Center_Innsbruck_yami.jpg\" class=\"attachment-full\" alt=\"\" srcset=\"https:\/\/greifcenter.at\/wp-content\/uploads\/2025\/01\/Greif_Center_Innsbruck_yami.jpg 1920w, https:\/\/greifcenter.at\/wp-content\/uploads\/2025\/01\/Greif_Center_Innsbruck_yami-300x200.jpg 300w, https:\/\/greifcenter.at\/wp-content\/uploads\/2025\/01\/Greif_Center_Innsbruck_yami-1024x683.jpg 1024w, https:\/\/greifcenter.at\/wp-content\/uploads\/2025\/01\/Greif_Center_Innsbruck_yami-768x512.jpg 768w, https:\/\/greifcenter.at\/wp-content\/uploads\/2025\/01\/Greif_Center_Innsbruck_yami-1536x1025.jpg 1536w, https:\/\/greifcenter.at\/wp-content\/uploads\/2025\/01\/Greif_Center_Innsbruck_yami-150x100.jpg 150w, https:\/\/greifcenter.at\/wp-content\/uploads\/2025\/01\/Greif_Center_Innsbruck_yami-450x300.jpg 450w, https:\/\/greifcenter.at\/wp-content\/uploads\/2025\/01\/Greif_Center_Innsbruck_yami-1000x667.jpg 1000w\" sizes=\"auto, (max-width: 1920px) 100vw, 1920px\" \/>\t\t\t\t<\/div>\n\t\t\t\t\t\t\t\t\t\t\t<\/div>\n\t<\/div>\n  [\/vc_column_inner][vc_column_inner width=&#8220;1\/4&#8243;]\t<div id=\"et-image-957\" class=\"et-image     et_image_link\">\n\t\t<div class=\"et-image-inner \">\n\t\t\t\t\t\t\t<div class=\"et-image-thumb \">\n\t\t\t\t\t<img loading=\"lazy\" decoding=\"async\" width=\"1920\" height=\"1281\" src=\"https:\/\/greifcenter.at\/wp-content\/uploads\/2025\/01\/Greif_Center_Innsbruck_viptalerbrot.jpg\" class=\"attachment-full\" alt=\"\" srcset=\"https:\/\/greifcenter.at\/wp-content\/uploads\/2025\/01\/Greif_Center_Innsbruck_viptalerbrot.jpg 1920w, https:\/\/greifcenter.at\/wp-content\/uploads\/2025\/01\/Greif_Center_Innsbruck_viptalerbrot-300x200.jpg 300w, https:\/\/greifcenter.at\/wp-content\/uploads\/2025\/01\/Greif_Center_Innsbruck_viptalerbrot-1024x683.jpg 1024w, https:\/\/greifcenter.at\/wp-content\/uploads\/2025\/01\/Greif_Center_Innsbruck_viptalerbrot-768x512.jpg 768w, https:\/\/greifcenter.at\/wp-content\/uploads\/2025\/01\/Greif_Center_Innsbruck_viptalerbrot-1536x1025.jpg 1536w, https:\/\/greifcenter.at\/wp-content\/uploads\/2025\/01\/Greif_Center_Innsbruck_viptalerbrot-150x100.jpg 150w, https:\/\/greifcenter.at\/wp-content\/uploads\/2025\/01\/Greif_Center_Innsbruck_viptalerbrot-450x300.jpg 450w, https:\/\/greifcenter.at\/wp-content\/uploads\/2025\/01\/Greif_Center_Innsbruck_viptalerbrot-1000x667.jpg 1000w\" sizes=\"auto, (max-width: 1920px) 100vw, 1920px\" \/>\t\t\t\t<\/div>\n\t\t\t\t\t\t\t\t\t\t\t<\/div>\n\t<\/div>\n  [\/vc_column_inner][vc_column_inner width=&#8220;1\/4&#8243;]\t<div id=\"et-image-606\" class=\"et-image     et_image_link\">\n\t\t<div class=\"et-image-inner \">\n\t\t\t\t\t\t\t<div class=\"et-image-thumb \">\n\t\t\t\t\t<img loading=\"lazy\" decoding=\"async\" width=\"1920\" height=\"1281\" src=\"https:\/\/greifcenter.at\/wp-content\/uploads\/2025\/01\/Greif_Center_Innsbruck_piazzos.jpg\" class=\"attachment-full\" alt=\"\" srcset=\"https:\/\/greifcenter.at\/wp-content\/uploads\/2025\/01\/Greif_Center_Innsbruck_piazzos.jpg 1920w, https:\/\/greifcenter.at\/wp-content\/uploads\/2025\/01\/Greif_Center_Innsbruck_piazzos-300x200.jpg 300w, https:\/\/greifcenter.at\/wp-content\/uploads\/2025\/01\/Greif_Center_Innsbruck_piazzos-1024x683.jpg 1024w, https:\/\/greifcenter.at\/wp-content\/uploads\/2025\/01\/Greif_Center_Innsbruck_piazzos-768x512.jpg 768w, https:\/\/greifcenter.at\/wp-content\/uploads\/2025\/01\/Greif_Center_Innsbruck_piazzos-1536x1025.jpg 1536w, https:\/\/greifcenter.at\/wp-content\/uploads\/2025\/01\/Greif_Center_Innsbruck_piazzos-150x100.jpg 150w, https:\/\/greifcenter.at\/wp-content\/uploads\/2025\/01\/Greif_Center_Innsbruck_piazzos-450x300.jpg 450w, https:\/\/greifcenter.at\/wp-content\/uploads\/2025\/01\/Greif_Center_Innsbruck_piazzos-1000x667.jpg 1000w\" sizes=\"auto, (max-width: 1920px) 100vw, 1920px\" \/>\t\t\t\t<\/div>\n\t\t\t\t\t\t\t\t\t\t\t<\/div>\n\t<\/div>\n  [\/vc_column_inner][vc_column_inner width=&#8220;1\/4&#8243;]\t<div id=\"et-image-25\" class=\"et-image     et_image_link\">\n\t\t<div class=\"et-image-inner \">\n\t\t\t\t\t\t\t<a  href=\"https:\/\/greifcenter.at\/?page_id=1618\" target=\"_self\"  title=\"Wetscher Max\">\n\t\t\t\t\t\t\t<div class=\"et-image-thumb \">\n\t\t\t\t\t<img loading=\"lazy\" decoding=\"async\" width=\"1920\" height=\"1281\" src=\"https:\/\/greifcenter.at\/wp-content\/uploads\/2025\/01\/Greif_Center_Innsbruck_CafeGreif.jpg\" class=\"attachment-full\" alt=\"\" srcset=\"https:\/\/greifcenter.at\/wp-content\/uploads\/2025\/01\/Greif_Center_Innsbruck_CafeGreif.jpg 1920w, https:\/\/greifcenter.at\/wp-content\/uploads\/2025\/01\/Greif_Center_Innsbruck_CafeGreif-300x200.jpg 300w, https:\/\/greifcenter.at\/wp-content\/uploads\/2025\/01\/Greif_Center_Innsbruck_CafeGreif-1024x683.jpg 1024w, https:\/\/greifcenter.at\/wp-content\/uploads\/2025\/01\/Greif_Center_Innsbruck_CafeGreif-768x512.jpg 768w, https:\/\/greifcenter.at\/wp-content\/uploads\/2025\/01\/Greif_Center_Innsbruck_CafeGreif-1536x1025.jpg 1536w, https:\/\/greifcenter.at\/wp-content\/uploads\/2025\/01\/Greif_Center_Innsbruck_CafeGreif-150x100.jpg 150w, https:\/\/greifcenter.at\/wp-content\/uploads\/2025\/01\/Greif_Center_Innsbruck_CafeGreif-450x300.jpg 450w, https:\/\/greifcenter.at\/wp-content\/uploads\/2025\/01\/Greif_Center_Innsbruck_CafeGreif-1000x667.jpg 1000w\" sizes=\"auto, (max-width: 1920px) 100vw, 1920px\" \/>\t\t\t\t<\/div>\n\t\t\t\t\t\t\t<\/a>\n\t\t\t\t\t\t\t\t\t\t\t<\/div>\n\t<\/div>\n  [\/vc_column_inner][\/vc_row_inner][vc_empty_space][vc_row_inner][vc_column_inner width=&#8220;1\/4&#8243; animation=&#8220;animation bottom-to-top&#8220;]\t<div id=\"et-image-753\" class=\"et-image     et_image_link\">\n\t\t<div class=\"et-image-inner \">\n\t\t\t\t\t\t\t<div class=\"et-image-thumb \">\n\t\t\t\t\t<img loading=\"lazy\" decoding=\"async\" width=\"1920\" height=\"1281\" src=\"https:\/\/greifcenter.at\/wp-content\/uploads\/2025\/12\/Greif_Center_Innsbruck_ladolcevita.jpg\" class=\"attachment-full\" alt=\"\" srcset=\"https:\/\/greifcenter.at\/wp-content\/uploads\/2025\/12\/Greif_Center_Innsbruck_ladolcevita.jpg 1920w, https:\/\/greifcenter.at\/wp-content\/uploads\/2025\/12\/Greif_Center_Innsbruck_ladolcevita-300x200.jpg 300w, https:\/\/greifcenter.at\/wp-content\/uploads\/2025\/12\/Greif_Center_Innsbruck_ladolcevita-1024x683.jpg 1024w, https:\/\/greifcenter.at\/wp-content\/uploads\/2025\/12\/Greif_Center_Innsbruck_ladolcevita-768x512.jpg 768w, https:\/\/greifcenter.at\/wp-content\/uploads\/2025\/12\/Greif_Center_Innsbruck_ladolcevita-1536x1025.jpg 1536w, https:\/\/greifcenter.at\/wp-content\/uploads\/2025\/12\/Greif_Center_Innsbruck_ladolcevita-150x100.jpg 150w, https:\/\/greifcenter.at\/wp-content\/uploads\/2025\/12\/Greif_Center_Innsbruck_ladolcevita-450x300.jpg 450w, https:\/\/greifcenter.at\/wp-content\/uploads\/2025\/12\/Greif_Center_Innsbruck_ladolcevita-1000x667.jpg 1000w\" sizes=\"auto, (max-width: 1920px) 100vw, 1920px\" \/>\t\t\t\t<\/div>\n\t\t\t\t\t\t\t\t\t\t\t<\/div>\n\t<\/div>\n  [\/vc_column_inner][vc_column_inner width=&#8220;1\/4&#8243;][\/vc_column_inner][vc_column_inner width=&#8220;1\/4&#8243;][\/vc_column_inner][vc_column_inner width=&#8220;1\/4&#8243;][\/vc_column_inner][\/vc_row_inner][vc_empty_space][\/vc_column][\/vc_row][vc_row et_column_align=&#8220;align-center&#8220; css=&#8220;.vc_custom_1579121915525{padding-top: 60px !important;padding-bottom: 40px !important;}&#8220;][vc_column animation=&#8220;animation bottom-to-top&#8220; offset=&#8220;vc_col-lg-8&#8243;][vc_row_inner et_column_align=&#8220;align-center&#8220;][vc_column_inner][vc_column_text]\n<h2>Genussvielfalt in unserem Center<\/h2>\n[\/vc_column_text][vc_column_text]Ob herzhaft, s\u00fc\u00df oder exotisch \u2013 in unserem Center erwartet Sie eine abwechslungsreiche Auswahl an Gastronomieangeboten. Genie\u00dfen Sie asiatische Spezialit\u00e4ten im <strong>Yami<\/strong>, das mit einem vielf\u00e4ltigen Buffet und k\u00f6stlichen chinesischen Gerichten begeistert. Liebhaber italienischer K\u00fcche kommen in unserer <strong>Pizzeria<\/strong> auf ihre Kosten, wo ofenfrische Pizza und Pasta serviert werden.<\/p>\n<p>F\u00fcr traditionelle S\u00fcdtiroler Schmankerl ist <strong>Wipptalbrot<\/strong> die perfekte Adresse \u2013 hier erwarten Sie herzhafte Spezialit\u00e4ten und frische Backwaren. Ein gem\u00fctlicher Treffpunkt f\u00fcr Kaffeeliebhaber ist das <strong>Greif Caf\u00e9<\/strong>, wo Sie aromatischen Kaffee und feine S\u00fc\u00dfspeisen in entspannter Atmosph\u00e4re genie\u00dfen k\u00f6nnen.<\/p>\n<p>Lassen Sie sich kulinarisch verw\u00f6hnen und erleben Sie Genussmomente in unserem Center![\/vc_column_text][\/vc_column_inner][\/vc_row_inner][vc_empty_space][\/vc_column][\/vc_row]\n","protected":false},"excerpt":{"rendered":"<p>[vc_row et_full_width=&#8220;true&#8220; et_row_padding=&#8220;true&#8220; et_column_align=&#8220;align-center&#8220; parallax=&#8220;content-moving&#8220;][vc_column et_column_color=&#8220;et-light-column&#8220;][\/vc_column][\/vc_row][vc_row][vc_column][vc_empty_space][vc_row_inner][vc_column_inner width=&#8220;1\/4&#8243; animation=&#8220;animation bottom-to-top&#8220;][\/vc_column_inner][vc_column_inner width=&#8220;1\/4&#8243;][\/vc_column_inner][vc_column_inner width=&#8220;1\/4&#8243;][\/vc_column_inner][vc_column_inner width=&#8220;1\/4&#8243;][\/vc_column_inner][\/vc_row_inner][vc_empty_space][vc_row_inner][vc_column_inner width=&#8220;1\/4&#8243; animation=&#8220;animation bottom-to-top&#8220;][\/vc_column_inner][vc_column_inner width=&#8220;1\/4&#8243;][\/vc_column_inner][vc_column_inner width=&#8220;1\/4&#8243;][\/vc_column_inner][vc_column_inner width=&#8220;1\/4&#8243;][\/vc_column_inner][\/vc_row_inner][vc_empty_space][\/vc_column][\/vc_row][vc_row et_column_align=&#8220;align-center&#8220; css=&#8220;.vc_custom_1579121915525{padding-top: 60px !important;padding-bottom: 40px !important;}&#8220;][vc_column animation=&#8220;animation bottom-to-top&#8220; offset=&#8220;vc_col-lg-8&#8243;][vc_row_inner et_column_align=&#8220;align-center&#8220;][vc_column_inner][vc_column_text] Genussvielfalt in unserem Center [\/vc_column_text][vc_column_text]Ob herzhaft, s\u00fc\u00df oder exotisch \u2013 in unserem Center erwartet Sie eine abwechslungsreiche Auswahl an Gastronomieangeboten. Genie\u00dfen Sie&hellip;<\/p>\n","protected":false},"author":1,"featured_media":0,"parent":0,"menu_order":0,"comment_status":"closed","ping_status":"closed","template":"","meta":{"footnotes":""},"class_list":["post-3467","page","type-page","status-publish","hentry"],"_links":{"self":[{"href":"https:\/\/greifcenter.at\/index.php?rest_route=\/wp\/v2\/pages\/3467","targetHints":{"allow":["GET"]}}],"collection":[{"href":"https:\/\/greifcenter.at\/index.php?rest_route=\/wp\/v2\/pages"}],"about":[{"href":"https:\/\/greifcenter.at\/index.php?rest_route=\/wp\/v2\/types\/page"}],"author":[{"embeddable":true,"href":"https:\/\/greifcenter.at\/index.php?rest_route=\/wp\/v2\/users\/1"}],"replies":[{"embeddable":true,"href":"https:\/\/greifcenter.at\/index.php?rest_route=%2Fwp%2Fv2%2Fcomments&post=3467"}],"version-history":[{"count":6,"href":"https:\/\/greifcenter.at\/index.php?rest_route=\/wp\/v2\/pages\/3467\/revisions"}],"predecessor-version":[{"id":3596,"href":"https:\/\/greifcenter.at\/index.php?rest_route=\/wp\/v2\/pages\/3467\/revisions\/3596"}],"wp:attachment":[{"href":"https:\/\/greifcenter.at\/index.php?rest_route=%2Fwp%2Fv2%2Fmedia&parent=3467"}],"curies":[{"name":"wp","href":"https:\/\/api.w.org\/{rel}","templated":true}]}}