{"id":3305,"date":"2020-01-17T18:13:38","date_gmt":"2020-01-17T18:13:38","guid":{"rendered":"https:\/\/goya.everthemes.com\/demo-basic\/?page_id=3305"},"modified":"2025-12-14T21:08:37","modified_gmt":"2025-12-14T21:08:37","slug":"about-2","status":"publish","type":"page","link":"https:\/\/greifcenter.at\/?page_id=3305","title":{"rendered":"Shops"},"content":{"rendered":"[vc_row et_full_width=&#8220;true&#8220; et_row_padding=&#8220;true&#8220; et_column_align=&#8220;align-center&#8220; parallax=&#8220;content-moving&#8220;][vc_column et_column_color=&#8220;et-light-column&#8220;]\r\n\t\t<div class=\"et-banner-69e64c3f90bec et-banner content-full  height_50 image-type-css text-color-light hover-effect hover-zoom \"><div class=\"et-banner-image vh-height\" data-image=\"https:\/\/greifcenter.at\/wp-content\/uploads\/2019\/10\/product-image-dark.jpg\" style=\"background-image: url(https:\/\/greifcenter.at\/wp-content\/uploads\/2019\/10\/product-image-dark.jpg);\"><\/div>\r\n\t\t\t<div class=\"et-banner-content\">\r\n\t\t\t\t<div class=\"et-banner-content-inner container\">\r\n\t\t\t\t\t<div class=\"et-banner-text h_center v_center align_center\">\r\n\t\t\t\t\t\t<div class=\"et-banner-text-inner animated\" data-animate=\"et-fadeInUp\"><h2 class=\"et-banner-title color- xlarge\">Shops<\/h2><div class=\"et-banner-subtitle  color- text_style\">Einkaufsm\u00f6glichkeiten<\/div><div class=\"et-banner-paragraph\">Wir bieten Ihnen eine gro\u00dfe Auswahl an Einkaufsm\u00f6glichkeiten mit renommierten Marken wie ...<\/div><\/div>\r\n\t\t\t\t\t<\/div>\r\n\t\t\t\t<\/div>\r\n\t\t\t<\/div>\r\n\t\t<\/div>[\/vc_column][\/vc_row][vc_row][vc_column][vc_empty_space][vc_row_inner][vc_column_inner width=&#8220;1\/4&#8243; animation=&#8220;animation bottom-to-top&#8220;]\t<div id=\"et-image-882\" class=\"et-image     et_image_link\">\n\t\t<div class=\"et-image-inner \">\n\t\t\t\t\t\t\t<a  href=\"https:\/\/www.smythstoys.com\/at\/de-at\" target=\"_blank\"  title=\"\">\n\t\t\t\t\t\t\t<div class=\"et-image-thumb \">\n\t\t\t\t\t<img loading=\"lazy\" decoding=\"async\" width=\"1920\" height=\"1281\" src=\"https:\/\/greifcenter.at\/wp-content\/uploads\/2025\/01\/Greif_Center_Innsbruck_smyth.jpg\" class=\"attachment-full\" alt=\"\" srcset=\"https:\/\/greifcenter.at\/wp-content\/uploads\/2025\/01\/Greif_Center_Innsbruck_smyth.jpg 1920w, https:\/\/greifcenter.at\/wp-content\/uploads\/2025\/01\/Greif_Center_Innsbruck_smyth-300x200.jpg 300w, https:\/\/greifcenter.at\/wp-content\/uploads\/2025\/01\/Greif_Center_Innsbruck_smyth-1024x683.jpg 1024w, https:\/\/greifcenter.at\/wp-content\/uploads\/2025\/01\/Greif_Center_Innsbruck_smyth-768x512.jpg 768w, https:\/\/greifcenter.at\/wp-content\/uploads\/2025\/01\/Greif_Center_Innsbruck_smyth-1536x1025.jpg 1536w, https:\/\/greifcenter.at\/wp-content\/uploads\/2025\/01\/Greif_Center_Innsbruck_smyth-150x100.jpg 150w, https:\/\/greifcenter.at\/wp-content\/uploads\/2025\/01\/Greif_Center_Innsbruck_smyth-450x300.jpg 450w, https:\/\/greifcenter.at\/wp-content\/uploads\/2025\/01\/Greif_Center_Innsbruck_smyth-1000x667.jpg 1000w\" sizes=\"auto, (max-width: 1920px) 100vw, 1920px\" \/>\t\t\t\t<\/div>\n\t\t\t\t\t\t\t<\/a>\n\t\t\t\t\t\t\t\t\t\t\t<\/div>\n\t<\/div>\n  [\/vc_column_inner][vc_column_inner width=&#8220;1\/4&#8243;]\t<div id=\"et-image-296\" class=\"et-image     et_image_link\">\n\t\t<div class=\"et-image-inner \">\n\t\t\t\t\t\t\t<a  href=\"https:\/\/www.wetschermax.com\/\" target=\"_blank\"  title=\"\">\n\t\t\t\t\t\t\t<div class=\"et-image-thumb \">\n\t\t\t\t\t<img loading=\"lazy\" decoding=\"async\" width=\"1920\" height=\"1281\" src=\"https:\/\/greifcenter.at\/wp-content\/uploads\/2025\/01\/Greif_Center_Innsbruck_wetscherMax.jpg\" class=\"attachment-full\" alt=\"\" srcset=\"https:\/\/greifcenter.at\/wp-content\/uploads\/2025\/01\/Greif_Center_Innsbruck_wetscherMax.jpg 1920w, https:\/\/greifcenter.at\/wp-content\/uploads\/2025\/01\/Greif_Center_Innsbruck_wetscherMax-300x200.jpg 300w, https:\/\/greifcenter.at\/wp-content\/uploads\/2025\/01\/Greif_Center_Innsbruck_wetscherMax-1024x683.jpg 1024w, https:\/\/greifcenter.at\/wp-content\/uploads\/2025\/01\/Greif_Center_Innsbruck_wetscherMax-768x512.jpg 768w, https:\/\/greifcenter.at\/wp-content\/uploads\/2025\/01\/Greif_Center_Innsbruck_wetscherMax-1536x1025.jpg 1536w, https:\/\/greifcenter.at\/wp-content\/uploads\/2025\/01\/Greif_Center_Innsbruck_wetscherMax-150x100.jpg 150w, https:\/\/greifcenter.at\/wp-content\/uploads\/2025\/01\/Greif_Center_Innsbruck_wetscherMax-450x300.jpg 450w, https:\/\/greifcenter.at\/wp-content\/uploads\/2025\/01\/Greif_Center_Innsbruck_wetscherMax-1000x667.jpg 1000w\" sizes=\"auto, (max-width: 1920px) 100vw, 1920px\" \/>\t\t\t\t<\/div>\n\t\t\t\t\t\t\t<\/a>\n\t\t\t\t\t\t\t\t\t\t\t<\/div>\n\t<\/div>\n  [\/vc_column_inner][vc_column_inner width=&#8220;1\/4&#8243;]\t<div id=\"et-image-781\" class=\"et-image     et_image_link\">\n\t\t<div class=\"et-image-inner \">\n\t\t\t\t\t\t\t<a  href=\"https:\/\/fitinn.at\/fitnessstudios\/innsbruck-greif-center\/\" target=\"_blank\"  title=\"\">\n\t\t\t\t\t\t\t<div class=\"et-image-thumb \">\n\t\t\t\t\t<img loading=\"lazy\" decoding=\"async\" width=\"1920\" height=\"1281\" src=\"https:\/\/greifcenter.at\/wp-content\/uploads\/2025\/12\/Greif_Center_Innsbruck_fitinn.jpg\" class=\"attachment-full\" alt=\"\" srcset=\"https:\/\/greifcenter.at\/wp-content\/uploads\/2025\/12\/Greif_Center_Innsbruck_fitinn.jpg 1920w, https:\/\/greifcenter.at\/wp-content\/uploads\/2025\/12\/Greif_Center_Innsbruck_fitinn-300x200.jpg 300w, https:\/\/greifcenter.at\/wp-content\/uploads\/2025\/12\/Greif_Center_Innsbruck_fitinn-1024x683.jpg 1024w, https:\/\/greifcenter.at\/wp-content\/uploads\/2025\/12\/Greif_Center_Innsbruck_fitinn-768x512.jpg 768w, https:\/\/greifcenter.at\/wp-content\/uploads\/2025\/12\/Greif_Center_Innsbruck_fitinn-1536x1025.jpg 1536w, https:\/\/greifcenter.at\/wp-content\/uploads\/2025\/12\/Greif_Center_Innsbruck_fitinn-150x100.jpg 150w, https:\/\/greifcenter.at\/wp-content\/uploads\/2025\/12\/Greif_Center_Innsbruck_fitinn-450x300.jpg 450w, https:\/\/greifcenter.at\/wp-content\/uploads\/2025\/12\/Greif_Center_Innsbruck_fitinn-1000x667.jpg 1000w\" sizes=\"auto, (max-width: 1920px) 100vw, 1920px\" \/>\t\t\t\t<\/div>\n\t\t\t\t\t\t\t<\/a>\n\t\t\t\t\t\t\t\t\t\t\t<\/div>\n\t<\/div>\n  [\/vc_column_inner][vc_column_inner width=&#8220;1\/4&#8243;]\t<div id=\"et-image-811\" class=\"et-image     et_image_link\">\n\t\t<div class=\"et-image-inner \">\n\t\t\t\t\t\t\t<a  href=\"https:\/\/greifcenter.at\/?page_id=1618\" target=\"_self\"  title=\"Wetscher Max\">\n\t\t\t\t\t\t\t<div class=\"et-image-thumb \">\n\t\t\t\t\t<img loading=\"lazy\" decoding=\"async\" width=\"1920\" height=\"1281\" src=\"https:\/\/greifcenter.at\/wp-content\/uploads\/2025\/01\/Greif_Center_Innsbruck_gameware.jpg\" class=\"attachment-full\" alt=\"\" srcset=\"https:\/\/greifcenter.at\/wp-content\/uploads\/2025\/01\/Greif_Center_Innsbruck_gameware.jpg 1920w, https:\/\/greifcenter.at\/wp-content\/uploads\/2025\/01\/Greif_Center_Innsbruck_gameware-300x200.jpg 300w, https:\/\/greifcenter.at\/wp-content\/uploads\/2025\/01\/Greif_Center_Innsbruck_gameware-1024x683.jpg 1024w, https:\/\/greifcenter.at\/wp-content\/uploads\/2025\/01\/Greif_Center_Innsbruck_gameware-768x512.jpg 768w, https:\/\/greifcenter.at\/wp-content\/uploads\/2025\/01\/Greif_Center_Innsbruck_gameware-1536x1025.jpg 1536w, https:\/\/greifcenter.at\/wp-content\/uploads\/2025\/01\/Greif_Center_Innsbruck_gameware-150x100.jpg 150w, https:\/\/greifcenter.at\/wp-content\/uploads\/2025\/01\/Greif_Center_Innsbruck_gameware-450x300.jpg 450w, https:\/\/greifcenter.at\/wp-content\/uploads\/2025\/01\/Greif_Center_Innsbruck_gameware-1000x667.jpg 1000w\" sizes=\"auto, (max-width: 1920px) 100vw, 1920px\" \/>\t\t\t\t<\/div>\n\t\t\t\t\t\t\t<\/a>\n\t\t\t\t\t\t\t\t\t\t\t<\/div>\n\t<\/div>\n  [\/vc_column_inner][\/vc_row_inner][vc_empty_space][vc_row_inner][vc_column_inner width=&#8220;1\/4&#8243; animation=&#8220;animation bottom-to-top&#8220;]\t<div id=\"et-image-934\" class=\"et-image     et_image_link\">\n\t\t<div class=\"et-image-inner \">\n\t\t\t\t\t\t\t<div class=\"et-image-thumb \">\n\t\t\t\t\t<img loading=\"lazy\" decoding=\"async\" width=\"1920\" height=\"1281\" src=\"https:\/\/greifcenter.at\/wp-content\/uploads\/2025\/01\/Greif_Center_Innsbruck_Muigg.jpg\" class=\"attachment-full\" alt=\"\" srcset=\"https:\/\/greifcenter.at\/wp-content\/uploads\/2025\/01\/Greif_Center_Innsbruck_Muigg.jpg 1920w, https:\/\/greifcenter.at\/wp-content\/uploads\/2025\/01\/Greif_Center_Innsbruck_Muigg-300x200.jpg 300w, https:\/\/greifcenter.at\/wp-content\/uploads\/2025\/01\/Greif_Center_Innsbruck_Muigg-1024x683.jpg 1024w, https:\/\/greifcenter.at\/wp-content\/uploads\/2025\/01\/Greif_Center_Innsbruck_Muigg-768x512.jpg 768w, https:\/\/greifcenter.at\/wp-content\/uploads\/2025\/01\/Greif_Center_Innsbruck_Muigg-1536x1025.jpg 1536w, https:\/\/greifcenter.at\/wp-content\/uploads\/2025\/01\/Greif_Center_Innsbruck_Muigg-150x100.jpg 150w, https:\/\/greifcenter.at\/wp-content\/uploads\/2025\/01\/Greif_Center_Innsbruck_Muigg-450x300.jpg 450w, https:\/\/greifcenter.at\/wp-content\/uploads\/2025\/01\/Greif_Center_Innsbruck_Muigg-1000x667.jpg 1000w\" sizes=\"auto, (max-width: 1920px) 100vw, 1920px\" \/>\t\t\t\t<\/div>\n\t\t\t\t\t\t\t\t\t\t\t<\/div>\n\t<\/div>\n  [\/vc_column_inner][vc_column_inner width=&#8220;1\/4&#8243;]\t<div id=\"et-image-697\" class=\"et-image     et_image_link\">\n\t\t<div class=\"et-image-inner \">\n\t\t\t\t\t\t\t<a  href=\"https:\/\/www.action.com\/de-at\/\" target=\"_blank\"  title=\"\">\n\t\t\t\t\t\t\t<div class=\"et-image-thumb \">\n\t\t\t\t\t<img loading=\"lazy\" decoding=\"async\" width=\"1920\" height=\"1281\" src=\"https:\/\/greifcenter.at\/wp-content\/uploads\/2025\/01\/Greif_Center_Innsbruck_action.jpg\" class=\"attachment-full\" alt=\"\" srcset=\"https:\/\/greifcenter.at\/wp-content\/uploads\/2025\/01\/Greif_Center_Innsbruck_action.jpg 1920w, https:\/\/greifcenter.at\/wp-content\/uploads\/2025\/01\/Greif_Center_Innsbruck_action-300x200.jpg 300w, https:\/\/greifcenter.at\/wp-content\/uploads\/2025\/01\/Greif_Center_Innsbruck_action-1024x683.jpg 1024w, https:\/\/greifcenter.at\/wp-content\/uploads\/2025\/01\/Greif_Center_Innsbruck_action-768x512.jpg 768w, https:\/\/greifcenter.at\/wp-content\/uploads\/2025\/01\/Greif_Center_Innsbruck_action-1536x1025.jpg 1536w, https:\/\/greifcenter.at\/wp-content\/uploads\/2025\/01\/Greif_Center_Innsbruck_action-150x100.jpg 150w, https:\/\/greifcenter.at\/wp-content\/uploads\/2025\/01\/Greif_Center_Innsbruck_action-450x300.jpg 450w, https:\/\/greifcenter.at\/wp-content\/uploads\/2025\/01\/Greif_Center_Innsbruck_action-1000x667.jpg 1000w\" sizes=\"auto, (max-width: 1920px) 100vw, 1920px\" \/>\t\t\t\t<\/div>\n\t\t\t\t\t\t\t<\/a>\n\t\t\t\t\t\t\t\t\t\t\t<\/div>\n\t<\/div>\n  [\/vc_column_inner][vc_column_inner width=&#8220;1\/4&#8243;]\t<div id=\"et-image-78\" class=\"et-image     et_image_link\">\n\t\t<div class=\"et-image-inner \">\n\t\t\t\t\t\t\t<a  href=\"https:\/\/www.klipp.at\/de\/salonsuche\/saloninfos\/standort.innsbruck-andechsstrasse-85\" target=\"_blank\"  title=\"\">\n\t\t\t\t\t\t\t<div class=\"et-image-thumb \">\n\t\t\t\t\t<img loading=\"lazy\" decoding=\"async\" width=\"1920\" height=\"1281\" src=\"https:\/\/greifcenter.at\/wp-content\/uploads\/2025\/01\/Greif_Center_Innsbruck_Klipp.jpg\" class=\"attachment-full\" alt=\"\" srcset=\"https:\/\/greifcenter.at\/wp-content\/uploads\/2025\/01\/Greif_Center_Innsbruck_Klipp.jpg 1920w, https:\/\/greifcenter.at\/wp-content\/uploads\/2025\/01\/Greif_Center_Innsbruck_Klipp-300x200.jpg 300w, https:\/\/greifcenter.at\/wp-content\/uploads\/2025\/01\/Greif_Center_Innsbruck_Klipp-1024x683.jpg 1024w, https:\/\/greifcenter.at\/wp-content\/uploads\/2025\/01\/Greif_Center_Innsbruck_Klipp-768x512.jpg 768w, https:\/\/greifcenter.at\/wp-content\/uploads\/2025\/01\/Greif_Center_Innsbruck_Klipp-1536x1025.jpg 1536w, https:\/\/greifcenter.at\/wp-content\/uploads\/2025\/01\/Greif_Center_Innsbruck_Klipp-150x100.jpg 150w, https:\/\/greifcenter.at\/wp-content\/uploads\/2025\/01\/Greif_Center_Innsbruck_Klipp-450x300.jpg 450w, https:\/\/greifcenter.at\/wp-content\/uploads\/2025\/01\/Greif_Center_Innsbruck_Klipp-1000x667.jpg 1000w\" sizes=\"auto, (max-width: 1920px) 100vw, 1920px\" \/>\t\t\t\t<\/div>\n\t\t\t\t\t\t\t<\/a>\n\t\t\t\t\t\t\t\t\t\t\t<\/div>\n\t<\/div>\n  [\/vc_column_inner][vc_column_inner width=&#8220;1\/4&#8243;]\t<div id=\"et-image-559\" class=\"et-image     et_image_link\">\n\t\t<div class=\"et-image-inner \">\n\t\t\t\t\t\t\t<a  href=\"https:\/\/www.fressnapf.at\/\" target=\"_blank\"  title=\"\">\n\t\t\t\t\t\t\t<div class=\"et-image-thumb \">\n\t\t\t\t\t<img loading=\"lazy\" decoding=\"async\" width=\"1920\" height=\"1281\" src=\"https:\/\/greifcenter.at\/wp-content\/uploads\/2025\/03\/Greif_Center_Innsbruck_fressnapf2.jpg\" class=\"attachment-full\" alt=\"\" srcset=\"https:\/\/greifcenter.at\/wp-content\/uploads\/2025\/03\/Greif_Center_Innsbruck_fressnapf2.jpg 1920w, https:\/\/greifcenter.at\/wp-content\/uploads\/2025\/03\/Greif_Center_Innsbruck_fressnapf2-300x200.jpg 300w, https:\/\/greifcenter.at\/wp-content\/uploads\/2025\/03\/Greif_Center_Innsbruck_fressnapf2-1024x683.jpg 1024w, https:\/\/greifcenter.at\/wp-content\/uploads\/2025\/03\/Greif_Center_Innsbruck_fressnapf2-768x512.jpg 768w, https:\/\/greifcenter.at\/wp-content\/uploads\/2025\/03\/Greif_Center_Innsbruck_fressnapf2-1536x1025.jpg 1536w, https:\/\/greifcenter.at\/wp-content\/uploads\/2025\/03\/Greif_Center_Innsbruck_fressnapf2-150x100.jpg 150w, https:\/\/greifcenter.at\/wp-content\/uploads\/2025\/03\/Greif_Center_Innsbruck_fressnapf2-450x300.jpg 450w, https:\/\/greifcenter.at\/wp-content\/uploads\/2025\/03\/Greif_Center_Innsbruck_fressnapf2-1000x667.jpg 1000w\" sizes=\"auto, (max-width: 1920px) 100vw, 1920px\" \/>\t\t\t\t<\/div>\n\t\t\t\t\t\t\t<\/a>\n\t\t\t\t\t\t\t\t\t\t\t<\/div>\n\t<\/div>\n  [\/vc_column_inner][\/vc_row_inner][vc_empty_space][vc_row_inner][vc_column_inner width=&#8220;1\/4&#8243; animation=&#8220;animation bottom-to-top&#8220;]\t<div id=\"et-image-665\" class=\"et-image     et_image_link\">\n\t\t<div class=\"et-image-inner \">\n\t\t\t\t\t\t\t<a  href=\"https:\/\/mikruli.at\/\" target=\"_blank\"  title=\"\">\n\t\t\t\t\t\t\t<div class=\"et-image-thumb \">\n\t\t\t\t\t<img loading=\"lazy\" decoding=\"async\" width=\"1920\" height=\"1281\" src=\"https:\/\/greifcenter.at\/wp-content\/uploads\/2025\/07\/Greif_Center_Innsbruck_dasmikruli.jpg\" class=\"attachment-full\" alt=\"\" srcset=\"https:\/\/greifcenter.at\/wp-content\/uploads\/2025\/07\/Greif_Center_Innsbruck_dasmikruli.jpg 1920w, https:\/\/greifcenter.at\/wp-content\/uploads\/2025\/07\/Greif_Center_Innsbruck_dasmikruli-300x200.jpg 300w, https:\/\/greifcenter.at\/wp-content\/uploads\/2025\/07\/Greif_Center_Innsbruck_dasmikruli-1024x683.jpg 1024w, https:\/\/greifcenter.at\/wp-content\/uploads\/2025\/07\/Greif_Center_Innsbruck_dasmikruli-768x512.jpg 768w, https:\/\/greifcenter.at\/wp-content\/uploads\/2025\/07\/Greif_Center_Innsbruck_dasmikruli-1536x1025.jpg 1536w, https:\/\/greifcenter.at\/wp-content\/uploads\/2025\/07\/Greif_Center_Innsbruck_dasmikruli-150x100.jpg 150w, https:\/\/greifcenter.at\/wp-content\/uploads\/2025\/07\/Greif_Center_Innsbruck_dasmikruli-450x300.jpg 450w, https:\/\/greifcenter.at\/wp-content\/uploads\/2025\/07\/Greif_Center_Innsbruck_dasmikruli-1000x667.jpg 1000w\" sizes=\"auto, (max-width: 1920px) 100vw, 1920px\" \/>\t\t\t\t<\/div>\n\t\t\t\t\t\t\t<\/a>\n\t\t\t\t\t\t\t\t\t\t\t<\/div>\n\t<\/div>\n  [\/vc_column_inner][vc_column_inner width=&#8220;1\/4&#8243;]\t<div id=\"et-image-542\" class=\"et-image     et_image_link\">\n\t\t<div class=\"et-image-inner \">\n\t\t\t\t\t\t\t<a  href=\"https:\/\/www.woolworth.at\/\" target=\"_blank\"  title=\"\">\n\t\t\t\t\t\t\t<div class=\"et-image-thumb \">\n\t\t\t\t\t<img loading=\"lazy\" decoding=\"async\" width=\"1920\" height=\"1281\" src=\"https:\/\/greifcenter.at\/wp-content\/uploads\/2025\/12\/Greif_Center_Innsbruck_woolworth.jpg\" class=\"attachment-full\" alt=\"\" srcset=\"https:\/\/greifcenter.at\/wp-content\/uploads\/2025\/12\/Greif_Center_Innsbruck_woolworth.jpg 1920w, https:\/\/greifcenter.at\/wp-content\/uploads\/2025\/12\/Greif_Center_Innsbruck_woolworth-300x200.jpg 300w, https:\/\/greifcenter.at\/wp-content\/uploads\/2025\/12\/Greif_Center_Innsbruck_woolworth-1024x683.jpg 1024w, https:\/\/greifcenter.at\/wp-content\/uploads\/2025\/12\/Greif_Center_Innsbruck_woolworth-768x512.jpg 768w, https:\/\/greifcenter.at\/wp-content\/uploads\/2025\/12\/Greif_Center_Innsbruck_woolworth-1536x1025.jpg 1536w, https:\/\/greifcenter.at\/wp-content\/uploads\/2025\/12\/Greif_Center_Innsbruck_woolworth-150x100.jpg 150w, https:\/\/greifcenter.at\/wp-content\/uploads\/2025\/12\/Greif_Center_Innsbruck_woolworth-450x300.jpg 450w, https:\/\/greifcenter.at\/wp-content\/uploads\/2025\/12\/Greif_Center_Innsbruck_woolworth-1000x667.jpg 1000w\" sizes=\"auto, (max-width: 1920px) 100vw, 1920px\" \/>\t\t\t\t<\/div>\n\t\t\t\t\t\t\t<\/a>\n\t\t\t\t\t\t\t\t\t\t\t<\/div>\n\t<\/div>\n  [\/vc_column_inner][vc_column_inner width=&#8220;1\/4&#8243;][\/vc_column_inner][vc_column_inner width=&#8220;1\/4&#8243;][\/vc_column_inner][\/vc_row_inner][vc_empty_space][\/vc_column][\/vc_row][vc_row et_column_align=&#8220;align-center&#8220; css=&#8220;.vc_custom_1579121915525{padding-top: 60px !important;padding-bottom: 40px !important;}&#8220;][vc_column animation=&#8220;animation bottom-to-top&#8220; offset=&#8220;vc_col-lg-8&#8243;][vc_row_inner et_column_align=&#8220;align-center&#8220;][vc_column_inner][vc_column_text]\n<h2>Greif Center Shops<\/h2>\n[\/vc_column_text][vc_column_text]In unserem Einkaufszentrum finden Sie eine vielf\u00e4ltige Auswahl an renommierten Marken und Gesch\u00e4ften f\u00fcr jeden Bedarf. Entdecken Sie die neuesten Trends bei <strong>Gigasport<\/strong>, lassen Sie sich bei <strong>Klipp \u2013 Der Friseur<\/strong> verw\u00f6hnen oder st\u00f6bern Sie bei <strong>Smyths Toys<\/strong> nach Spielzeughighlights f\u00fcr die ganze Familie. Stilvolles Wohnen bietet <strong>Wetscher Max<\/strong>, w\u00e4hrend Sie bei <strong>Action<\/strong> zahlreiche Schn\u00e4ppchen finden. Gaming-Fans kommen in unserem <strong>Gameshop<\/strong> voll auf ihre Kosten. Besuchen Sie uns und erleben Sie ein einzigartiges Shopping-Erlebnis![\/vc_column_text][\/vc_column_inner][\/vc_row_inner][vc_empty_space][\/vc_column][\/vc_row]\n","protected":false},"excerpt":{"rendered":"<p>[vc_row et_full_width=&#8220;true&#8220; et_row_padding=&#8220;true&#8220; et_column_align=&#8220;align-center&#8220; parallax=&#8220;content-moving&#8220;][vc_column et_column_color=&#8220;et-light-column&#8220;][\/vc_column][\/vc_row][vc_row][vc_column][vc_empty_space][vc_row_inner][vc_column_inner width=&#8220;1\/4&#8243; animation=&#8220;animation bottom-to-top&#8220;][\/vc_column_inner][vc_column_inner width=&#8220;1\/4&#8243;][\/vc_column_inner][vc_column_inner width=&#8220;1\/4&#8243;][\/vc_column_inner][vc_column_inner width=&#8220;1\/4&#8243;][\/vc_column_inner][\/vc_row_inner][vc_empty_space][vc_row_inner][vc_column_inner width=&#8220;1\/4&#8243; animation=&#8220;animation bottom-to-top&#8220;][\/vc_column_inner][vc_column_inner width=&#8220;1\/4&#8243;][\/vc_column_inner][vc_column_inner width=&#8220;1\/4&#8243;][\/vc_column_inner][vc_column_inner width=&#8220;1\/4&#8243;][\/vc_column_inner][\/vc_row_inner][vc_empty_space][vc_row_inner][vc_column_inner width=&#8220;1\/4&#8243; animation=&#8220;animation bottom-to-top&#8220;][\/vc_column_inner][vc_column_inner width=&#8220;1\/4&#8243;][\/vc_column_inner][vc_column_inner width=&#8220;1\/4&#8243;][\/vc_column_inner][vc_column_inner width=&#8220;1\/4&#8243;][\/vc_column_inner][\/vc_row_inner][vc_empty_space][\/vc_column][\/vc_row][vc_row et_column_align=&#8220;align-center&#8220; css=&#8220;.vc_custom_1579121915525{padding-top: 60px !important;padding-bottom: 40px !important;}&#8220;][vc_column animation=&#8220;animation bottom-to-top&#8220; offset=&#8220;vc_col-lg-8&#8243;][vc_row_inner et_column_align=&#8220;align-center&#8220;][vc_column_inner][vc_column_text] Greif Center Shops [\/vc_column_text][vc_column_text]In unserem Einkaufszentrum finden Sie eine vielf\u00e4ltige Auswahl an renommierten Marken und Gesch\u00e4ften&hellip;<\/p>\n","protected":false},"author":1,"featured_media":0,"parent":0,"menu_order":0,"comment_status":"closed","ping_status":"closed","template":"","meta":{"footnotes":""},"class_list":["post-3305","page","type-page","status-publish","hentry"],"_links":{"self":[{"href":"https:\/\/greifcenter.at\/index.php?rest_route=\/wp\/v2\/pages\/3305","targetHints":{"allow":["GET"]}}],"collection":[{"href":"https:\/\/greifcenter.at\/index.php?rest_route=\/wp\/v2\/pages"}],"about":[{"href":"https:\/\/greifcenter.at\/index.php?rest_route=\/wp\/v2\/types\/page"}],"author":[{"embeddable":true,"href":"https:\/\/greifcenter.at\/index.php?rest_route=\/wp\/v2\/users\/1"}],"replies":[{"embeddable":true,"href":"https:\/\/greifcenter.at\/index.php?rest_route=%2Fwp%2Fv2%2Fcomments&post=3305"}],"version-history":[{"count":21,"href":"https:\/\/greifcenter.at\/index.php?rest_route=\/wp\/v2\/pages\/3305\/revisions"}],"predecessor-version":[{"id":3611,"href":"https:\/\/greifcenter.at\/index.php?rest_route=\/wp\/v2\/pages\/3305\/revisions\/3611"}],"wp:attachment":[{"href":"https:\/\/greifcenter.at\/index.php?rest_route=%2Fwp%2Fv2%2Fmedia&parent=3305"}],"curies":[{"name":"wp","href":"https:\/\/api.w.org\/{rel}","templated":true}]}}